{"id":1420,"date":"2024-05-28T13:04:08","date_gmt":"2024-05-28T13:04:08","guid":{"rendered":"https:\/\/slovenia.lu\/?page_id=1420"},"modified":"2024-05-29T10:24:46","modified_gmt":"2024-05-29T10:24:46","slug":"shipping","status":"publish","type":"page","link":"https:\/\/slovenia.lu\/sl\/shipping\/","title":{"rendered":"Po\u0161iljanje in skupinske dostave"},"content":{"rendered":"<p>Ko zaklju\u010dite naro\u010dilo, bo ustvarjeno prednaro\u010dilo in potrditev bo poslana na va\u0161 e-po\u0161tni naslov. Po prejemu va\u0161ega prednaro\u010dila, <strong>predra\u010dun <\/strong>vam bo poslano, kar bo vklju\u010devalo stro\u0161ke po\u0161iljanja glede na velikost in te\u017eo paketa ter ciljno dr\u017eavo. <\/p>\n\n\n\n<p>Na predra\u010dunu bodo tudi podrobna navodila za pla\u010dilo. <strong>Mo\u017enosti pla\u010dila<\/strong> lahko vklju\u010duje ban\u010dno nakazilo, PayPal, pla\u010dilo s kartico ali gotovinsko pla\u010dilo (odvisno od razpolo\u017eljivih mo\u017enosti trgovca).<\/p>\n\n\n\n<p>Upo\u0161tevajte, da je <strong>naro\u010dilo bo odposlano po prejemu pla\u010dila<\/strong>!<\/p>\n\n\n\n<p>\u010ce ni navedeno druga\u010de, so artikli na zalogi pri dobavitelju in bodo odposlani v 2 dneh po prejetem pla\u010dilu. Dostava znotraj EU naj bi trajala od 3 do 5 dni. Torej lahko <strong>pri\u010dakujte svoje izdelke v enem tednu od naro\u010dila<\/strong>.<\/p>\n\n\n\n<p><strong>Posebna skupinska naro\u010dila:<\/strong> V nekaterih primerih bo organizirana skupinska dostava. V tem primeru bodo naro\u010dila zbrana in dostavljena na dolo\u010deno lokacijo skupaj. Tako bomo lahko zni\u017eali stro\u0161ke dostave. Ko bodo te mo\u017enosti na voljo, bodo jasno ozna\u010dene.<\/p>\n\n\n\n<p>Z dokon\u010danjem postopka zaklju\u010dka nakupa potrjujete in se strinjate s temi pogoji.<\/p>","protected":false},"excerpt":{"rendered":"<p>When you complete your order, a pre-order will be created and a confirmation will be sent to your email. Upon receipt of your pre-order, a proforma invoice will be sent to you, which will include shipping costs based on the size and weight of the package and the destination country. The proforma invoice will also &hellip;<\/p>\n<p class=\"read-more\"> <a class=\"\" href=\"https:\/\/slovenia.lu\/sl\/shipping\/\"> <span class=\"screen-reader-text\">Po\u0161iljanje in skupinske dostave<\/span> Read More &raquo;<\/a><\/p>","protected":false},"author":3,"featured_media":0,"parent":0,"menu_order":0,"comment_status":"closed","ping_status":"closed","template":"","meta":{"site-sidebar-layout":"default","site-content-layout":"","ast-site-content-layout":"","site-content-style":"default","site-sidebar-style":"default","ast-global-header-display":"","ast-banner-title-visibility":"","ast-main-header-display":"","ast-hfb-above-header-display":"","ast-hfb-below-header-display":"","ast-hfb-mobile-header-display":"","site-post-title":"","ast-breadcrumbs-content":"","ast-featured-img":"","footer-sml-layout":"","theme-transparent-header-meta":"","adv-header-id-meta":"","stick-header-meta":"","header-above-stick-meta":"","header-main-stick-meta":"","header-below-stick-meta":"","astra-migrate-meta-layouts":"","footnotes":""},"class_list":["post-1420","page","type-page","status-publish","hentry"],"_links":{"self":[{"href":"https:\/\/slovenia.lu\/sl\/wp-json\/wp\/v2\/pages\/1420","targetHints":{"allow":["GET"]}}],"collection":[{"href":"https:\/\/slovenia.lu\/sl\/wp-json\/wp\/v2\/pages"}],"about":[{"href":"https:\/\/slovenia.lu\/sl\/wp-json\/wp\/v2\/types\/page"}],"author":[{"embeddable":true,"href":"https:\/\/slovenia.lu\/sl\/wp-json\/wp\/v2\/users\/3"}],"replies":[{"embeddable":true,"href":"https:\/\/slovenia.lu\/sl\/wp-json\/wp\/v2\/comments?post=1420"}],"version-history":[{"count":6,"href":"https:\/\/slovenia.lu\/sl\/wp-json\/wp\/v2\/pages\/1420\/revisions"}],"predecessor-version":[{"id":1428,"href":"https:\/\/slovenia.lu\/sl\/wp-json\/wp\/v2\/pages\/1420\/revisions\/1428"}],"wp:attachment":[{"href":"https:\/\/slovenia.lu\/sl\/wp-json\/wp\/v2\/media?parent=1420"}],"curies":[{"name":"wp","href":"https:\/\/api.w.org\/{rel}","templated":true}]}}