{"id":1420,"date":"2024-05-28T13:04:08","date_gmt":"2024-05-28T13:04:08","guid":{"rendered":"https:\/\/slovenia.lu\/?page_id=1420"},"modified":"2024-05-29T10:24:46","modified_gmt":"2024-05-29T10:24:46","slug":"shipping","status":"publish","type":"page","link":"https:\/\/slovenia.lu\/fr\/shipping\/","title":{"rendered":"Exp\u00e9ditions et livraisons group\u00e9es"},"content":{"rendered":"<p>Lorsque vous aurez finalis\u00e9 votre commande, une pr\u00e9commande sera cr\u00e9\u00e9e et une confirmation vous sera envoy\u00e9e par email. D\u00e8s r\u00e9ception de votre pr\u00e9commande, <strong>une facture pro forma <\/strong>vous sera envoy\u00e9, ce qui inclura les frais d&#039;exp\u00e9dition en fonction de la taille et du poids du colis et du pays de destination. <\/p>\n\n\n\n<p>La facture pro forma contiendra \u00e9galement des instructions de paiement d\u00e9taill\u00e9es. <strong>Options de paiement<\/strong> peut inclure un virement bancaire, PayPal, un paiement par carte ou un paiement en esp\u00e8ces (sous r\u00e9serve des options disponibles aupr\u00e8s du commer\u00e7ant).<\/p>\n\n\n\n<p>Veuillez noter que le <strong>la commande sera exp\u00e9di\u00e9e une fois le paiement re\u00e7u<\/strong>!<\/p>\n\n\n\n<p>Sauf indication contraire, les articles sont en stock chez le fournisseur et seront exp\u00e9di\u00e9s dans les 2 jours suivant la r\u00e9ception du paiement. La livraison au sein de l&#039;UE devrait prendre entre 3 et 5 jours. Vous pouvez donc <strong>attendez vos articles dans un d\u00e9lai d&#039;une semaine apr\u00e8s la commande<\/strong>.<\/p>\n\n\n\n<p><strong>Commandes sp\u00e9ciales de groupe :<\/strong> Dans certains cas, une livraison group\u00e9e sera organis\u00e9e. Dans ce cas, les commandes seront r\u00e9cup\u00e9r\u00e9es et livr\u00e9es \u00e0 un endroit pr\u00e9cis en m\u00eame temps. De cette fa\u00e7on, nous pourrons r\u00e9duire les frais de livraison. Lorsque ces options sont disponibles, elles seront clairement indiqu\u00e9es.<\/p>\n\n\n\n<p>En compl\u00e9tant le processus de paiement, vous reconnaissez et acceptez ces conditions.<\/p>","protected":false},"excerpt":{"rendered":"<p>When you complete your order, a pre-order will be created and a confirmation will be sent to your email. Upon receipt of your pre-order, a proforma invoice will be sent to you, which will include shipping costs based on the size and weight of the package and the destination country. The proforma invoice will also &hellip;<\/p>\n<p class=\"read-more\"> <a class=\"\" href=\"https:\/\/slovenia.lu\/fr\/shipping\/\"> <span class=\"screen-reader-text\">Exp\u00e9ditions et livraisons group\u00e9es<\/span> Lire la suite\u00a0\u00bb<\/a><\/p>","protected":false},"author":3,"featured_media":0,"parent":0,"menu_order":0,"comment_status":"closed","ping_status":"closed","template":"","meta":{"site-sidebar-layout":"default","site-content-layout":"","ast-site-content-layout":"","site-content-style":"default","site-sidebar-style":"default","ast-global-header-display":"","ast-banner-title-visibility":"","ast-main-header-display":"","ast-hfb-above-header-display":"","ast-hfb-below-header-display":"","ast-hfb-mobile-header-display":"","site-post-title":"","ast-breadcrumbs-content":"","ast-featured-img":"","footer-sml-layout":"","theme-transparent-header-meta":"","adv-header-id-meta":"","stick-header-meta":"","header-above-stick-meta":"","header-main-stick-meta":"","header-below-stick-meta":"","astra-migrate-meta-layouts":"","footnotes":""},"class_list":["post-1420","page","type-page","status-publish","hentry"],"_links":{"self":[{"href":"https:\/\/slovenia.lu\/fr\/wp-json\/wp\/v2\/pages\/1420","targetHints":{"allow":["GET"]}}],"collection":[{"href":"https:\/\/slovenia.lu\/fr\/wp-json\/wp\/v2\/pages"}],"about":[{"href":"https:\/\/slovenia.lu\/fr\/wp-json\/wp\/v2\/types\/page"}],"author":[{"embeddable":true,"href":"https:\/\/slovenia.lu\/fr\/wp-json\/wp\/v2\/users\/3"}],"replies":[{"embeddable":true,"href":"https:\/\/slovenia.lu\/fr\/wp-json\/wp\/v2\/comments?post=1420"}],"version-history":[{"count":6,"href":"https:\/\/slovenia.lu\/fr\/wp-json\/wp\/v2\/pages\/1420\/revisions"}],"predecessor-version":[{"id":1428,"href":"https:\/\/slovenia.lu\/fr\/wp-json\/wp\/v2\/pages\/1420\/revisions\/1428"}],"wp:attachment":[{"href":"https:\/\/slovenia.lu\/fr\/wp-json\/wp\/v2\/media?parent=1420"}],"curies":[{"name":"wp","href":"https:\/\/api.w.org\/{rel}","templated":true}]}}